{"id":3113,"date":"2024-01-26T12:41:51","date_gmt":"2024-01-26T17:41:51","guid":{"rendered":"https:\/\/mclube.com\/de\/?page_id=3113"},"modified":"2024-03-15T14:03:37","modified_gmt":"2024-03-15T18:03:37","slug":"unternehmen","status":"publish","type":"page","link":"https:\/\/mclube.com\/de\/unternehmen\/","title":{"rendered":"Unternehmen"},"content":{"rendered":"\t\t<div data-elementor-type=\"wp-page\" data-elementor-id=\"3113\" class=\"elementor elementor-3113\" data-elementor-post-type=\"page\">\n\t\t\t\t\t\t<section class=\"elementor-section elementor-top-section elementor-element elementor-element-cdc439a elementor-section-boxed elementor-section-height-default elementor-section-height-default\" data-id=\"cdc439a\" data-element_type=\"section\">\n\t\t\t\t\t\t<div class=\"elementor-container elementor-column-gap-default\">\n\t\t\t\t\t<div class=\"elementor-column elementor-col-100 elementor-top-column elementor-element elementor-element-eb37daa\" data-id=\"eb37daa\" data-element_type=\"column\">\n\t\t\t<div class=\"elementor-widget-wrap\">\n\t\t\t\t\t\t\t<\/div>\n\t\t<\/div>\n\t\t\t\t\t<\/div>\n\t\t<\/section>\n\t\t\t\t<section class=\"elementor-section elementor-top-section elementor-element elementor-element-8db122e elementor-section-height-min-height elementor-section-items-bottom elementor-hidden-mobile elementor-section-boxed elementor-section-height-default\" data-id=\"8db122e\" data-element_type=\"section\" data-settings=\"{&quot;background_background&quot;:&quot;classic&quot;}\">\n\t\t\t\t\t\t<div class=\"elementor-container elementor-column-gap-default\">\n\t\t\t\t\t<div class=\"elementor-column elementor-col-100 elementor-top-column elementor-element elementor-element-32d5ce70\" data-id=\"32d5ce70\" data-element_type=\"column\" data-settings=\"{&quot;background_background&quot;:&quot;classic&quot;}\">\n\t\t\t<div class=\"elementor-widget-wrap elementor-element-populated\">\n\t\t\t\t\t\t\t<\/div>\n\t\t<\/div>\n\t\t\t\t\t<\/div>\n\t\t<\/section>\n\t\t\t\t<section class=\"elementor-section elementor-top-section elementor-element elementor-element-ae997ea elementor-section-height-min-height elementor-section-items-bottom elementor-hidden-desktop elementor-hidden-tablet elementor-section-boxed elementor-section-height-default\" data-id=\"ae997ea\" data-element_type=\"section\" data-settings=\"{&quot;background_background&quot;:&quot;classic&quot;}\">\n\t\t\t\t\t\t<div class=\"elementor-container elementor-column-gap-default\">\n\t\t\t\t\t<div class=\"elementor-column elementor-col-100 elementor-top-column elementor-element elementor-element-812b301\" data-id=\"812b301\" data-element_type=\"column\" data-settings=\"{&quot;background_background&quot;:&quot;classic&quot;}\">\n\t\t\t<div class=\"elementor-widget-wrap elementor-element-populated\">\n\t\t\t\t\t\t\t<\/div>\n\t\t<\/div>\n\t\t\t\t\t<\/div>\n\t\t<\/section>\n\t\t\t\t<section class=\"elementor-section elementor-top-section elementor-element elementor-element-7305b75 elementor-section-boxed elementor-section-height-default elementor-section-height-default\" data-id=\"7305b75\" data-element_type=\"section\">\n\t\t\t\t\t\t<div class=\"elementor-container elementor-column-gap-default\">\n\t\t\t\t\t<div class=\"elementor-column elementor-col-100 elementor-top-column elementor-element elementor-element-0e06e7b\" data-id=\"0e06e7b\" data-element_type=\"column\">\n\t\t\t<div class=\"elementor-widget-wrap elementor-element-populated\">\n\t\t\t\t\t\t<section class=\"elementor-section elementor-inner-section elementor-element elementor-element-c3c0343 elementor-section-boxed elementor-section-height-default elementor-section-height-default\" data-id=\"c3c0343\" data-element_type=\"section\">\n\t\t\t\t\t\t<div class=\"elementor-container elementor-column-gap-default\">\n\t\t\t\t\t<div class=\"elementor-column elementor-col-100 elementor-inner-column elementor-element elementor-element-bd67600\" data-id=\"bd67600\" data-element_type=\"column\">\n\t\t\t<div class=\"elementor-widget-wrap elementor-element-populated\">\n\t\t\t\t\t\t<div class=\"elementor-element elementor-element-e8c7870 elementor-widget elementor-widget-text-editor\" data-id=\"e8c7870\" data-element_type=\"widget\" data-widget_type=\"text-editor.default\">\n\t\t\t\t<div class=\"elementor-widget-container\">\n\t\t\t\t\t\t\t\t\t<p>Eine Marke von McGee Industries<\/p>\t\t\t\t\t\t\t\t<\/div>\n\t\t\t\t<\/div>\n\t\t\t\t<div class=\"elementor-element elementor-element-535fc3b elementor-widget elementor-widget-text-editor\" data-id=\"535fc3b\" data-element_type=\"widget\" data-widget_type=\"text-editor.default\">\n\t\t\t\t<div class=\"elementor-widget-container\">\n\t\t\t\t\t\t\t\t\t<p>Zell McGee gr\u00fcndete 1954 mit seiner Ehefrau Mary McGee das Chemieunternehmen McGee. Kurz danach wurde das Unternehmen in McGee Industries umgetauft, wir sind und bleiben aber seit der Firmengr\u00fcndung noch immer ein Familienbetrieb.<\/p>\t\t\t\t\t\t\t\t<\/div>\n\t\t\t\t<\/div>\n\t\t\t\t<div class=\"elementor-element elementor-element-f00df94 elementor-widget elementor-widget-heading\" data-id=\"f00df94\" data-element_type=\"widget\" data-widget_type=\"heading.default\">\n\t\t\t\t<div class=\"elementor-widget-container\">\n\t\t\t\t\t<h2 class=\"elementor-heading-title elementor-size-default\">Das Unternehmen<\/h2>\t\t\t\t<\/div>\n\t\t\t\t<\/div>\n\t\t\t\t<div class=\"elementor-element elementor-element-87589dc elementor-widget elementor-widget-text-editor\" data-id=\"87589dc\" data-element_type=\"widget\" data-widget_type=\"text-editor.default\">\n\t\t\t\t<div class=\"elementor-widget-container\">\n\t\t\t\t\t\t\t\t\t<p>Der Gesch\u00e4ftssitz und die Hauptfertigungsst\u00e4tten von McLube\u00ae befinden sich in Aston, PA, USA. Die Produkte von McLube\u00ae sind \u00fcber unserer Vertriebsnetz aus integrierten lokalen Verkaufskan\u00e4len und H\u00e4ndlern vor Ort verf\u00fcgbar. McLube\u00aeist das Aush\u00e4ngeschild von McGee Industries, Incorporated.<\/p><p>McLube\u00ae Europe stellt McLube\u00ae Fertigprodukte aus Konzentraten und Rohstoffen an unserem Hauptsitz in den USA her. Der Vertrieb und die Vermarktung an Kunden in Europa und im Vereinigten K\u00f6nigreich erfolgen auf lokaler Ebene. Unsere H\u00e4ndler finden Sie unter dem Abschnitt Kontakt auf unserer Website.<\/p><p><a href=\"http:\/\/mclubemarine.com\">McLube\u00ae Marine<\/a> ist ein globaler Unternehmensbereich, der leistungsstarke Trockenschmiermittel und Lacke f\u00fcr Bootsliebhaber, Profisegler und Olympioniken anbietet.<\/p>\t\t\t\t\t\t\t\t<\/div>\n\t\t\t\t<\/div>\n\t\t\t\t<div class=\"elementor-element elementor-element-78efbb1 elementor-widget-divider--view-line elementor-widget elementor-widget-divider\" data-id=\"78efbb1\" data-element_type=\"widget\" data-widget_type=\"divider.default\">\n\t\t\t\t<div class=\"elementor-widget-container\">\n\t\t\t\t\t\t\t<div class=\"elementor-divider\">\n\t\t\t<span class=\"elementor-divider-separator\">\n\t\t\t\t\t\t<\/span>\n\t\t<\/div>\n\t\t\t\t\t\t<\/div>\n\t\t\t\t<\/div>\n\t\t\t\t\t<\/div>\n\t\t<\/div>\n\t\t\t\t\t<\/div>\n\t\t<\/section>\n\t\t\t\t\t<\/div>\n\t\t<\/div>\n\t\t\t\t\t<\/div>\n\t\t<\/section>\n\t\t\t\t<\/div>\n\t\t","protected":false},"excerpt":{"rendered":"<p>Eine Marke von McGee Industries Zell McGee gr\u00fcndete 1954 mit seiner Ehefrau Mary McGee das Chemieunternehmen McGee. Kurz danach wurde das Unternehmen in McGee Industries umgetauft, wir sind und bleiben aber seit der Firmengr\u00fcndung noch immer ein Familienbetrieb. Das Unternehmen Der Gesch\u00e4ftssitz und die Hauptfertigungsst\u00e4tten von McLube\u00ae befinden sich in Aston, PA, USA. Die Produkte &hellip;<\/p>\n<p class=\"read-more\"> <a class=\"\" href=\"https:\/\/mclube.com\/de\/unternehmen\/\"> <span class=\"screen-reader-text\">Unternehmen<\/span> Weiterlesen &raquo;<\/a><\/p>\n","protected":false},"author":5,"featured_media":0,"parent":0,"menu_order":0,"comment_status":"closed","ping_status":"closed","template":"elementor_header_footer","meta":{"footnotes":""},"class_list":["post-3113","page","type-page","status-publish","hentry"],"yoast_head":"<!-- This site is optimized with the Yoast SEO plugin v27.2 - https:\/\/yoast.com\/product\/yoast-seo-wordpress\/ -->\n<title>Unternehmen - McLube | Formtrennmittel und Industrieschmierstoffe<\/title>\n<meta name=\"description\" content=\"McLube propose des agents de d\u00e9moulage, des lubrifiants industriels et des rev\u00eatements anti-adh\u00e9rents de pointe depuis 1954. ISO 9001 : 2015.\" \/>\n<meta name=\"robots\" content=\"index, follow, max-snippet:-1, max-image-preview:large, max-video-preview:-1\" \/>\n<link rel=\"canonical\" href=\"https:\/\/mclube.com\/de\/unternehmen\/\" \/>\n<meta property=\"og:locale\" content=\"de_DE\" \/>\n<meta property=\"og:type\" content=\"article\" \/>\n<meta property=\"og:title\" content=\"Unternehmen - McLube | Formtrennmittel und Industrieschmierstoffe\" \/>\n<meta property=\"og:description\" content=\"McLube propose des agents de d\u00e9moulage, des lubrifiants industriels et des rev\u00eatements anti-adh\u00e9rents de pointe depuis 1954. ISO 9001 : 2015.\" \/>\n<meta property=\"og:url\" content=\"https:\/\/mclube.com\/de\/unternehmen\/\" \/>\n<meta property=\"og:site_name\" content=\"McLube | Formtrennmittel und Industrieschmierstoffe\" \/>\n<meta property=\"article:modified_time\" content=\"2024-03-15T18:03:37+00:00\" \/>\n<meta name=\"twitter:card\" content=\"summary_large_image\" \/>\n<meta name=\"twitter:label1\" content=\"Gesch\u00e4tzte Lesezeit\" \/>\n\t<meta name=\"twitter:data1\" content=\"1\u00a0Minute\" \/>\n<script type=\"application\/ld+json\" class=\"yoast-schema-graph\">{\"@context\":\"https:\/\/schema.org\",\"@graph\":[{\"@type\":\"WebPage\",\"@id\":\"https:\/\/mclube.com\/de\/unternehmen\/\",\"url\":\"https:\/\/mclube.com\/de\/unternehmen\/\",\"name\":\"Unternehmen - McLube | Formtrennmittel und Industrieschmierstoffe\",\"isPartOf\":{\"@id\":\"https:\/\/mclube.com\/de\/#website\"},\"datePublished\":\"2024-01-26T17:41:51+00:00\",\"dateModified\":\"2024-03-15T18:03:37+00:00\",\"description\":\"McLube propose des agents de d\u00e9moulage, des lubrifiants industriels et des rev\u00eatements anti-adh\u00e9rents de pointe depuis 1954. ISO 9001 : 2015.\",\"breadcrumb\":{\"@id\":\"https:\/\/mclube.com\/de\/unternehmen\/#breadcrumb\"},\"inLanguage\":\"de\",\"potentialAction\":[{\"@type\":\"ReadAction\",\"target\":[\"https:\/\/mclube.com\/de\/unternehmen\/\"]}]},{\"@type\":\"BreadcrumbList\",\"@id\":\"https:\/\/mclube.com\/de\/unternehmen\/#breadcrumb\",\"itemListElement\":[{\"@type\":\"ListItem\",\"position\":1,\"name\":\"Home\",\"item\":\"https:\/\/mclube.com\/de\/\"},{\"@type\":\"ListItem\",\"position\":2,\"name\":\"Unternehmen\"}]},{\"@type\":\"WebSite\",\"@id\":\"https:\/\/mclube.com\/de\/#website\",\"url\":\"https:\/\/mclube.com\/de\/\",\"name\":\"McLube | Formtrennmittel und Industrieschmierstoffe\",\"description\":\"Formtrennmittel und Industrieschmierstoffe | ISO 9001:2015\",\"publisher\":{\"@id\":\"https:\/\/mclube.com\/de\/#organization\"},\"potentialAction\":[{\"@type\":\"SearchAction\",\"target\":{\"@type\":\"EntryPoint\",\"urlTemplate\":\"https:\/\/mclube.com\/de\/?s={search_term_string}\"},\"query-input\":{\"@type\":\"PropertyValueSpecification\",\"valueRequired\":true,\"valueName\":\"search_term_string\"}}],\"inLanguage\":\"de\"},{\"@type\":\"Organization\",\"@id\":\"https:\/\/mclube.com\/de\/#organization\",\"name\":\"McLube | Formtrennmittel und Industrieschmierstoffe\",\"url\":\"https:\/\/mclube.com\/de\/\",\"logo\":{\"@type\":\"ImageObject\",\"inLanguage\":\"de\",\"@id\":\"https:\/\/mclube.com\/de\/#\/schema\/logo\/image\/\",\"url\":\"https:\/\/mclube.com\/de\/wp-content\/uploads\/sites\/8\/2020\/02\/Logo_McLube.png\",\"contentUrl\":\"https:\/\/mclube.com\/de\/wp-content\/uploads\/sites\/8\/2020\/02\/Logo_McLube.png\",\"width\":844,\"height\":198,\"caption\":\"McLube | Formtrennmittel und Industrieschmierstoffe\"},\"image\":{\"@id\":\"https:\/\/mclube.com\/de\/#\/schema\/logo\/image\/\"}}]}<\/script>\n<!-- \/ Yoast SEO plugin. -->","yoast_head_json":{"title":"Unternehmen - McLube | Formtrennmittel und Industrieschmierstoffe","description":"McLube propose des agents de d\u00e9moulage, des lubrifiants industriels et des rev\u00eatements anti-adh\u00e9rents de pointe depuis 1954. ISO 9001 : 2015.","robots":{"index":"index","follow":"follow","max-snippet":"max-snippet:-1","max-image-preview":"max-image-preview:large","max-video-preview":"max-video-preview:-1"},"canonical":"https:\/\/mclube.com\/de\/unternehmen\/","og_locale":"de_DE","og_type":"article","og_title":"Unternehmen - McLube | Formtrennmittel und Industrieschmierstoffe","og_description":"McLube propose des agents de d\u00e9moulage, des lubrifiants industriels et des rev\u00eatements anti-adh\u00e9rents de pointe depuis 1954. ISO 9001 : 2015.","og_url":"https:\/\/mclube.com\/de\/unternehmen\/","og_site_name":"McLube | Formtrennmittel und Industrieschmierstoffe","article_modified_time":"2024-03-15T18:03:37+00:00","twitter_card":"summary_large_image","twitter_misc":{"Gesch\u00e4tzte Lesezeit":"1\u00a0Minute"},"schema":{"@context":"https:\/\/schema.org","@graph":[{"@type":"WebPage","@id":"https:\/\/mclube.com\/de\/unternehmen\/","url":"https:\/\/mclube.com\/de\/unternehmen\/","name":"Unternehmen - McLube | Formtrennmittel und Industrieschmierstoffe","isPartOf":{"@id":"https:\/\/mclube.com\/de\/#website"},"datePublished":"2024-01-26T17:41:51+00:00","dateModified":"2024-03-15T18:03:37+00:00","description":"McLube propose des agents de d\u00e9moulage, des lubrifiants industriels et des rev\u00eatements anti-adh\u00e9rents de pointe depuis 1954. ISO 9001 : 2015.","breadcrumb":{"@id":"https:\/\/mclube.com\/de\/unternehmen\/#breadcrumb"},"inLanguage":"de","potentialAction":[{"@type":"ReadAction","target":["https:\/\/mclube.com\/de\/unternehmen\/"]}]},{"@type":"BreadcrumbList","@id":"https:\/\/mclube.com\/de\/unternehmen\/#breadcrumb","itemListElement":[{"@type":"ListItem","position":1,"name":"Home","item":"https:\/\/mclube.com\/de\/"},{"@type":"ListItem","position":2,"name":"Unternehmen"}]},{"@type":"WebSite","@id":"https:\/\/mclube.com\/de\/#website","url":"https:\/\/mclube.com\/de\/","name":"McLube | Formtrennmittel und Industrieschmierstoffe","description":"Formtrennmittel und Industrieschmierstoffe | ISO 9001:2015","publisher":{"@id":"https:\/\/mclube.com\/de\/#organization"},"potentialAction":[{"@type":"SearchAction","target":{"@type":"EntryPoint","urlTemplate":"https:\/\/mclube.com\/de\/?s={search_term_string}"},"query-input":{"@type":"PropertyValueSpecification","valueRequired":true,"valueName":"search_term_string"}}],"inLanguage":"de"},{"@type":"Organization","@id":"https:\/\/mclube.com\/de\/#organization","name":"McLube | Formtrennmittel und Industrieschmierstoffe","url":"https:\/\/mclube.com\/de\/","logo":{"@type":"ImageObject","inLanguage":"de","@id":"https:\/\/mclube.com\/de\/#\/schema\/logo\/image\/","url":"https:\/\/mclube.com\/de\/wp-content\/uploads\/sites\/8\/2020\/02\/Logo_McLube.png","contentUrl":"https:\/\/mclube.com\/de\/wp-content\/uploads\/sites\/8\/2020\/02\/Logo_McLube.png","width":844,"height":198,"caption":"McLube | Formtrennmittel und Industrieschmierstoffe"},"image":{"@id":"https:\/\/mclube.com\/de\/#\/schema\/logo\/image\/"}}]}},"_links":{"self":[{"href":"https:\/\/mclube.com\/de\/wp-json\/wp\/v2\/pages\/3113","targetHints":{"allow":["GET"]}}],"collection":[{"href":"https:\/\/mclube.com\/de\/wp-json\/wp\/v2\/pages"}],"about":[{"href":"https:\/\/mclube.com\/de\/wp-json\/wp\/v2\/types\/page"}],"author":[{"embeddable":true,"href":"https:\/\/mclube.com\/de\/wp-json\/wp\/v2\/users\/5"}],"replies":[{"embeddable":true,"href":"https:\/\/mclube.com\/de\/wp-json\/wp\/v2\/comments?post=3113"}],"version-history":[{"count":32,"href":"https:\/\/mclube.com\/de\/wp-json\/wp\/v2\/pages\/3113\/revisions"}],"predecessor-version":[{"id":4121,"href":"https:\/\/mclube.com\/de\/wp-json\/wp\/v2\/pages\/3113\/revisions\/4121"}],"wp:attachment":[{"href":"https:\/\/mclube.com\/de\/wp-json\/wp\/v2\/media?parent=3113"}],"curies":[{"name":"wp","href":"https:\/\/api.w.org\/{rel}","templated":true}]}}