{"id":3510,"date":"2024-02-23T13:13:51","date_gmt":"2024-02-23T18:13:51","guid":{"rendered":"https:\/\/mclube.com\/de\/?page_id=3510"},"modified":"2024-03-20T12:55:16","modified_gmt":"2024-03-20T16:55:16","slug":"datenschutzrichtlinie","status":"publish","type":"page","link":"https:\/\/mclube.com\/de\/datenschutzrichtlinie\/","title":{"rendered":"Datenschutzrichtlinie"},"content":{"rendered":"\t\t<div data-elementor-type=\"wp-page\" data-elementor-id=\"3510\" class=\"elementor elementor-3510\" data-elementor-post-type=\"page\">\n\t\t\t\t\t\t<section class=\"elementor-section elementor-top-section elementor-element elementor-element-cdc439a elementor-section-boxed elementor-section-height-default elementor-section-height-default\" data-id=\"cdc439a\" data-element_type=\"section\">\n\t\t\t\t\t\t<div class=\"elementor-container elementor-column-gap-default\">\n\t\t\t\t\t<div class=\"elementor-column elementor-col-100 elementor-top-column elementor-element elementor-element-eb37daa\" data-id=\"eb37daa\" data-element_type=\"column\">\n\t\t\t<div class=\"elementor-widget-wrap\">\n\t\t\t\t\t\t\t<\/div>\n\t\t<\/div>\n\t\t\t\t\t<\/div>\n\t\t<\/section>\n\t\t\t\t<section class=\"elementor-section elementor-top-section elementor-element elementor-element-8db122e elementor-section-height-min-height elementor-section-items-bottom elementor-hidden-mobile elementor-section-boxed elementor-section-height-default\" data-id=\"8db122e\" data-element_type=\"section\" data-settings=\"{&quot;background_background&quot;:&quot;classic&quot;}\">\n\t\t\t\t\t\t<div class=\"elementor-container elementor-column-gap-default\">\n\t\t\t\t\t<div class=\"elementor-column elementor-col-100 elementor-top-column elementor-element elementor-element-32d5ce70\" data-id=\"32d5ce70\" data-element_type=\"column\" data-settings=\"{&quot;background_background&quot;:&quot;classic&quot;}\">\n\t\t\t<div class=\"elementor-widget-wrap elementor-element-populated\">\n\t\t\t\t\t\t\t<\/div>\n\t\t<\/div>\n\t\t\t\t\t<\/div>\n\t\t<\/section>\n\t\t\t\t<section class=\"elementor-section elementor-top-section elementor-element elementor-element-ae997ea elementor-section-height-min-height elementor-section-items-bottom elementor-hidden-desktop elementor-hidden-tablet elementor-section-boxed elementor-section-height-default\" data-id=\"ae997ea\" data-element_type=\"section\" data-settings=\"{&quot;background_background&quot;:&quot;classic&quot;}\">\n\t\t\t\t\t\t<div class=\"elementor-container elementor-column-gap-default\">\n\t\t\t\t\t<div class=\"elementor-column elementor-col-100 elementor-top-column elementor-element elementor-element-812b301\" data-id=\"812b301\" data-element_type=\"column\" data-settings=\"{&quot;background_background&quot;:&quot;classic&quot;}\">\n\t\t\t<div class=\"elementor-widget-wrap elementor-element-populated\">\n\t\t\t\t\t\t\t<\/div>\n\t\t<\/div>\n\t\t\t\t\t<\/div>\n\t\t<\/section>\n\t\t\t\t<section class=\"elementor-section elementor-top-section elementor-element elementor-element-7fa4cc8 elementor-section-boxed elementor-section-height-default elementor-section-height-default\" data-id=\"7fa4cc8\" data-element_type=\"section\">\n\t\t\t\t\t\t<div class=\"elementor-container elementor-column-gap-default\">\n\t\t\t\t\t<div class=\"elementor-column elementor-col-100 elementor-top-column elementor-element elementor-element-661e9a4\" data-id=\"661e9a4\" data-element_type=\"column\">\n\t\t\t<div class=\"elementor-widget-wrap elementor-element-populated\">\n\t\t\t\t\t\t<section class=\"elementor-section elementor-inner-section elementor-element elementor-element-9958c04 elementor-section-boxed elementor-section-height-default elementor-section-height-default\" data-id=\"9958c04\" data-element_type=\"section\">\n\t\t\t\t\t\t<div class=\"elementor-container elementor-column-gap-default\">\n\t\t\t\t\t<div class=\"elementor-column elementor-col-100 elementor-inner-column elementor-element elementor-element-e487d7b\" data-id=\"e487d7b\" data-element_type=\"column\">\n\t\t\t<div class=\"elementor-widget-wrap elementor-element-populated\">\n\t\t\t\t\t\t<div class=\"elementor-element elementor-element-d9d0b4d elementor-widget elementor-widget-text-editor\" data-id=\"d9d0b4d\" data-element_type=\"widget\" data-widget_type=\"text-editor.default\">\n\t\t\t\t<div class=\"elementor-widget-container\">\n\t\t\t\t\t\t\t\t\t<p>Die vom Benutzer bereitgestellten personenbezogenen Daten werden in einer speziellen Computerdatenbank gespeichert, damit diese f\u00fcr den Zugriff auf die angeforderten Services verwendet werden k\u00f6nnen.<\/p>\t\t\t\t\t\t\t\t<\/div>\n\t\t\t\t<\/div>\n\t\t\t\t<div class=\"elementor-element elementor-element-dc7e72d elementor-widget elementor-widget-text-editor\" data-id=\"dc7e72d\" data-element_type=\"widget\" data-widget_type=\"text-editor.default\">\n\t\t\t\t<div class=\"elementor-widget-container\">\n\t\t\t\t\t\t\t\t\t<p><strong>Der Datenverantwortliche ist McGee Industries, Inc. 9 Crozerville Road Aston, PA Vereinigte Staaten. <\/strong><\/p><p>Als Datenverantwortlicher informiert Sie McGee Industries, Inc., dass die zum Zeitpunkt der Registrierung angeforderte E-Mail-Adresse und die anderen von Ihnen angegebenen personenbezogenen Daten im Einverst\u00e4ndnis der interessierten Partei verarbeitet werden, um die vom Benutzer angeforderten Informationen bereitzustellen.<\/p><p>Gem\u00e4\u00df Artikel 17 von Verordnung Nr. 679\/2016 DSGV hat der Benutzer das Recht, die Best\u00e4tigung des Vorhandenseins bzw. des Nichtvorhandenseins von personenbezogenen Daten zu erhalten, selbst wenn diese noch nicht aufgezeichnet wurden; die oben erw\u00e4hnte Kommunikation muss in verst\u00e4ndlicher Form erfolgen.<\/p><p><strong>Au\u00dferdem hat der Benutzer das Recht Informationen \u00fcber Folgendes zu erhalten:<\/strong><\/p><ul><li>Den Ursprung der personenbezogenen Daten<\/li><li>Den Zweck und die Methoden zur Verarbeitung der Daten<\/li><li>Die Methoden, die im Fall der Verarbeitung ohne die Hilfe von elektronischen Hilfsmitteln angewendet werden<\/li><li>Die identifizierenden Details des Eigent\u00fcmers, der Manager und der beauftragten Verantwortlichen<\/li><li>Die Person oder Kategorien von Personen, an die die personenbezogenen Daten \u00fcbertragen werden k\u00f6nnen, oder die als beauftragte Vertreter im Gebiet des Landes als Manager oder Agenten \u00fcber die Daten bescheid wissen k\u00f6nnten<\/li><\/ul><p><strong>Au\u00dferdem hat der Benutzer das Recht Folgendes zu erhalten:<\/strong><\/p><ul><li>Aktualisierung, Berichtigung oder bei Interesse Integration der Daten<\/li><li>Die L\u00f6schung, Umwandlung in anonyme Form oder Blockierung von gesetzwidrig verarbeiteten Daten, einschlie\u00dflich von Daten, deren Aufbewahrung f\u00fcr den Zweck, f\u00fcr den sie erhoben oder danach verarbeitet wurden, unn\u00f6tig sind. Die L\u00f6schanforderung muss an info@mclube.com gesendet werden<\/li><\/ul><p>Die Best\u00e4tigung, dass die oben aufgef\u00fchrten Vorg\u00e4nge hinsichtlich ihres Inhalts an die Personen kommuniziert wurden, deren Daten \u00fcbertragen wurden, au\u00dfer in F\u00e4llen, in denen dies unm\u00f6glich ist oder die Verwendung von Ressourcen umfasst, die im Vergleich zum gesch\u00fctzten Recht unverh\u00e4ltnism\u00e4\u00dfig gro\u00df sind.<\/p><p>Schlie\u00dflich hat der Benutzer das Recht sich Folgendem zu widersetzen, im Ganzen oder zum Teil:<\/p><p>aus legitimen Gr\u00fcnden der Verarbeitung von personenbezogenen Daten \u00fcber die eigene Person, selbst wenn dies im Gegensatz zum Zweck der Erhebung steht.<\/p><p><strong>Bei Fragen zu oder Problemen mit Datenschutz und Vertraulichkeit wenden Sie sich bitte an info@mclube.com.<\/strong><\/p>\t\t\t\t\t\t\t\t<\/div>\n\t\t\t\t<\/div>\n\t\t\t\t<div class=\"elementor-element elementor-element-d6c3e38 elementor-widget elementor-widget-heading\" data-id=\"d6c3e38\" data-element_type=\"widget\" data-widget_type=\"heading.default\">\n\t\t\t\t<div class=\"elementor-widget-container\">\n\t\t\t\t\t<h2 class=\"elementor-heading-title elementor-size-default\">Cookie-Richtlinie von McLube.com<\/h2>\t\t\t\t<\/div>\n\t\t\t\t<\/div>\n\t\t\t\t<div class=\"elementor-element elementor-element-9d0e00d elementor-widget elementor-widget-text-editor\" data-id=\"9d0e00d\" data-element_type=\"widget\" data-widget_type=\"text-editor.default\">\n\t\t\t\t<div class=\"elementor-widget-container\">\n\t\t\t\t\t\t\t\t\t<script id=\"CookieDeclaration\" src=\"https:\/\/consent.cookiebot.com\/25556fbc-f4c0-4f82-b598-9f3c86e90806\/cd.js\" type=\"text\/javascript\" async><\/script>\t\t\t\t\t\t\t\t<\/div>\n\t\t\t\t<\/div>\n\t\t\t\t<div class=\"elementor-element elementor-element-85e1d23 elementor-widget-divider--view-line elementor-widget elementor-widget-divider\" data-id=\"85e1d23\" data-element_type=\"widget\" data-widget_type=\"divider.default\">\n\t\t\t\t<div class=\"elementor-widget-container\">\n\t\t\t\t\t\t\t<div class=\"elementor-divider\">\n\t\t\t<span class=\"elementor-divider-separator\">\n\t\t\t\t\t\t<\/span>\n\t\t<\/div>\n\t\t\t\t\t\t<\/div>\n\t\t\t\t<\/div>\n\t\t\t\t\t<\/div>\n\t\t<\/div>\n\t\t\t\t\t<\/div>\n\t\t<\/section>\n\t\t\t\t\t<\/div>\n\t\t<\/div>\n\t\t\t\t\t<\/div>\n\t\t<\/section>\n\t\t\t\t<\/div>\n\t\t","protected":false},"excerpt":{"rendered":"<p>Die vom Benutzer bereitgestellten personenbezogenen Daten werden in einer speziellen Computerdatenbank gespeichert, damit diese f\u00fcr den Zugriff auf die angeforderten Services verwendet werden k\u00f6nnen. Der Datenverantwortliche ist McGee Industries, Inc. 9 Crozerville Road Aston, PA Vereinigte Staaten. Als Datenverantwortlicher informiert Sie McGee Industries, Inc., dass die zum Zeitpunkt der Registrierung angeforderte E-Mail-Adresse und die anderen &hellip;<\/p>\n<p class=\"read-more\"> <a class=\"\" href=\"https:\/\/mclube.com\/de\/datenschutzrichtlinie\/\"> <span class=\"screen-reader-text\">Datenschutzrichtlinie<\/span> Weiterlesen &raquo;<\/a><\/p>\n","protected":false},"author":5,"featured_media":0,"parent":0,"menu_order":0,"comment_status":"closed","ping_status":"closed","template":"elementor_header_footer","meta":{"footnotes":""},"class_list":["post-3510","page","type-page","status-publish","hentry"],"yoast_head":"<!-- This site is optimized with the Yoast SEO plugin v27.2 - https:\/\/yoast.com\/product\/yoast-seo-wordpress\/ -->\n<title>Datenschutzrichtlinie - McLube<\/title>\n<meta name=\"description\" content=\"Datenschutzrichtlinie\" \/>\n<meta name=\"robots\" content=\"index, follow, max-snippet:-1, max-image-preview:large, max-video-preview:-1\" \/>\n<link rel=\"canonical\" href=\"https:\/\/mclube.com\/de\/datenschutzrichtlinie\/\" \/>\n<meta property=\"og:locale\" content=\"de_DE\" \/>\n<meta property=\"og:type\" content=\"article\" \/>\n<meta property=\"og:title\" content=\"Datenschutzrichtlinie - McLube\" \/>\n<meta property=\"og:description\" content=\"Datenschutzrichtlinie\" \/>\n<meta property=\"og:url\" content=\"https:\/\/mclube.com\/de\/datenschutzrichtlinie\/\" \/>\n<meta property=\"og:site_name\" content=\"McLube | Formtrennmittel und Industrieschmierstoffe\" \/>\n<meta property=\"article:modified_time\" content=\"2024-03-20T16:55:16+00:00\" \/>\n<meta name=\"twitter:card\" content=\"summary_large_image\" \/>\n<meta name=\"twitter:label1\" content=\"Gesch\u00e4tzte Lesezeit\" \/>\n\t<meta name=\"twitter:data1\" content=\"7\u00a0Minuten\" \/>\n<script type=\"application\/ld+json\" class=\"yoast-schema-graph\">{\"@context\":\"https:\/\/schema.org\",\"@graph\":[{\"@type\":\"WebPage\",\"@id\":\"https:\/\/mclube.com\/de\/datenschutzrichtlinie\/\",\"url\":\"https:\/\/mclube.com\/de\/datenschutzrichtlinie\/\",\"name\":\"Datenschutzrichtlinie - McLube\",\"isPartOf\":{\"@id\":\"https:\/\/mclube.com\/de\/#website\"},\"datePublished\":\"2024-02-23T18:13:51+00:00\",\"dateModified\":\"2024-03-20T16:55:16+00:00\",\"description\":\"Datenschutzrichtlinie\",\"breadcrumb\":{\"@id\":\"https:\/\/mclube.com\/de\/datenschutzrichtlinie\/#breadcrumb\"},\"inLanguage\":\"de\",\"potentialAction\":[{\"@type\":\"ReadAction\",\"target\":[\"https:\/\/mclube.com\/de\/datenschutzrichtlinie\/\"]}]},{\"@type\":\"BreadcrumbList\",\"@id\":\"https:\/\/mclube.com\/de\/datenschutzrichtlinie\/#breadcrumb\",\"itemListElement\":[{\"@type\":\"ListItem\",\"position\":1,\"name\":\"Home\",\"item\":\"https:\/\/mclube.com\/de\/\"},{\"@type\":\"ListItem\",\"position\":2,\"name\":\"Datenschutzrichtlinie\"}]},{\"@type\":\"WebSite\",\"@id\":\"https:\/\/mclube.com\/de\/#website\",\"url\":\"https:\/\/mclube.com\/de\/\",\"name\":\"McLube | Formtrennmittel und Industrieschmierstoffe\",\"description\":\"Formtrennmittel und Industrieschmierstoffe | ISO 9001:2015\",\"publisher\":{\"@id\":\"https:\/\/mclube.com\/de\/#organization\"},\"potentialAction\":[{\"@type\":\"SearchAction\",\"target\":{\"@type\":\"EntryPoint\",\"urlTemplate\":\"https:\/\/mclube.com\/de\/?s={search_term_string}\"},\"query-input\":{\"@type\":\"PropertyValueSpecification\",\"valueRequired\":true,\"valueName\":\"search_term_string\"}}],\"inLanguage\":\"de\"},{\"@type\":\"Organization\",\"@id\":\"https:\/\/mclube.com\/de\/#organization\",\"name\":\"McLube | Formtrennmittel und Industrieschmierstoffe\",\"url\":\"https:\/\/mclube.com\/de\/\",\"logo\":{\"@type\":\"ImageObject\",\"inLanguage\":\"de\",\"@id\":\"https:\/\/mclube.com\/de\/#\/schema\/logo\/image\/\",\"url\":\"https:\/\/mclube.com\/de\/wp-content\/uploads\/sites\/8\/2020\/02\/Logo_McLube.png\",\"contentUrl\":\"https:\/\/mclube.com\/de\/wp-content\/uploads\/sites\/8\/2020\/02\/Logo_McLube.png\",\"width\":844,\"height\":198,\"caption\":\"McLube | Formtrennmittel und Industrieschmierstoffe\"},\"image\":{\"@id\":\"https:\/\/mclube.com\/de\/#\/schema\/logo\/image\/\"}}]}<\/script>\n<!-- \/ Yoast SEO plugin. -->","yoast_head_json":{"title":"Datenschutzrichtlinie - McLube","description":"Datenschutzrichtlinie","robots":{"index":"index","follow":"follow","max-snippet":"max-snippet:-1","max-image-preview":"max-image-preview:large","max-video-preview":"max-video-preview:-1"},"canonical":"https:\/\/mclube.com\/de\/datenschutzrichtlinie\/","og_locale":"de_DE","og_type":"article","og_title":"Datenschutzrichtlinie - McLube","og_description":"Datenschutzrichtlinie","og_url":"https:\/\/mclube.com\/de\/datenschutzrichtlinie\/","og_site_name":"McLube | Formtrennmittel und Industrieschmierstoffe","article_modified_time":"2024-03-20T16:55:16+00:00","twitter_card":"summary_large_image","twitter_misc":{"Gesch\u00e4tzte Lesezeit":"7\u00a0Minuten"},"schema":{"@context":"https:\/\/schema.org","@graph":[{"@type":"WebPage","@id":"https:\/\/mclube.com\/de\/datenschutzrichtlinie\/","url":"https:\/\/mclube.com\/de\/datenschutzrichtlinie\/","name":"Datenschutzrichtlinie - McLube","isPartOf":{"@id":"https:\/\/mclube.com\/de\/#website"},"datePublished":"2024-02-23T18:13:51+00:00","dateModified":"2024-03-20T16:55:16+00:00","description":"Datenschutzrichtlinie","breadcrumb":{"@id":"https:\/\/mclube.com\/de\/datenschutzrichtlinie\/#breadcrumb"},"inLanguage":"de","potentialAction":[{"@type":"ReadAction","target":["https:\/\/mclube.com\/de\/datenschutzrichtlinie\/"]}]},{"@type":"BreadcrumbList","@id":"https:\/\/mclube.com\/de\/datenschutzrichtlinie\/#breadcrumb","itemListElement":[{"@type":"ListItem","position":1,"name":"Home","item":"https:\/\/mclube.com\/de\/"},{"@type":"ListItem","position":2,"name":"Datenschutzrichtlinie"}]},{"@type":"WebSite","@id":"https:\/\/mclube.com\/de\/#website","url":"https:\/\/mclube.com\/de\/","name":"McLube | Formtrennmittel und Industrieschmierstoffe","description":"Formtrennmittel und Industrieschmierstoffe | ISO 9001:2015","publisher":{"@id":"https:\/\/mclube.com\/de\/#organization"},"potentialAction":[{"@type":"SearchAction","target":{"@type":"EntryPoint","urlTemplate":"https:\/\/mclube.com\/de\/?s={search_term_string}"},"query-input":{"@type":"PropertyValueSpecification","valueRequired":true,"valueName":"search_term_string"}}],"inLanguage":"de"},{"@type":"Organization","@id":"https:\/\/mclube.com\/de\/#organization","name":"McLube | Formtrennmittel und Industrieschmierstoffe","url":"https:\/\/mclube.com\/de\/","logo":{"@type":"ImageObject","inLanguage":"de","@id":"https:\/\/mclube.com\/de\/#\/schema\/logo\/image\/","url":"https:\/\/mclube.com\/de\/wp-content\/uploads\/sites\/8\/2020\/02\/Logo_McLube.png","contentUrl":"https:\/\/mclube.com\/de\/wp-content\/uploads\/sites\/8\/2020\/02\/Logo_McLube.png","width":844,"height":198,"caption":"McLube | Formtrennmittel und Industrieschmierstoffe"},"image":{"@id":"https:\/\/mclube.com\/de\/#\/schema\/logo\/image\/"}}]}},"_links":{"self":[{"href":"https:\/\/mclube.com\/de\/wp-json\/wp\/v2\/pages\/3510","targetHints":{"allow":["GET"]}}],"collection":[{"href":"https:\/\/mclube.com\/de\/wp-json\/wp\/v2\/pages"}],"about":[{"href":"https:\/\/mclube.com\/de\/wp-json\/wp\/v2\/types\/page"}],"author":[{"embeddable":true,"href":"https:\/\/mclube.com\/de\/wp-json\/wp\/v2\/users\/5"}],"replies":[{"embeddable":true,"href":"https:\/\/mclube.com\/de\/wp-json\/wp\/v2\/comments?post=3510"}],"version-history":[{"count":35,"href":"https:\/\/mclube.com\/de\/wp-json\/wp\/v2\/pages\/3510\/revisions"}],"predecessor-version":[{"id":4214,"href":"https:\/\/mclube.com\/de\/wp-json\/wp\/v2\/pages\/3510\/revisions\/4214"}],"wp:attachment":[{"href":"https:\/\/mclube.com\/de\/wp-json\/wp\/v2\/media?parent=3510"}],"curies":[{"name":"wp","href":"https:\/\/api.w.org\/{rel}","templated":true}]}}