{"id":3510,"date":"2024-02-23T13:13:51","date_gmt":"2024-02-23T18:13:51","guid":{"rendered":"https:\/\/mclube.com\/es\/?page_id=3510"},"modified":"2024-03-20T14:52:06","modified_gmt":"2024-03-20T18:52:06","slug":"politica-de-privacidad","status":"publish","type":"page","link":"https:\/\/mclube.com\/es\/politica-de-privacidad\/","title":{"rendered":"Pol\u00edtica de privacidad"},"content":{"rendered":"\t\t<div data-elementor-type=\"wp-page\" data-elementor-id=\"3510\" class=\"elementor elementor-3510\" data-elementor-post-type=\"page\">\n\t\t\t\t\t\t<section class=\"elementor-section elementor-top-section elementor-element elementor-element-cdc439a elementor-section-boxed elementor-section-height-default elementor-section-height-default\" data-id=\"cdc439a\" data-element_type=\"section\">\n\t\t\t\t\t\t<div class=\"elementor-container elementor-column-gap-default\">\n\t\t\t\t\t<div class=\"elementor-column elementor-col-100 elementor-top-column elementor-element elementor-element-eb37daa\" data-id=\"eb37daa\" data-element_type=\"column\">\n\t\t\t<div class=\"elementor-widget-wrap\">\n\t\t\t\t\t\t\t<\/div>\n\t\t<\/div>\n\t\t\t\t\t<\/div>\n\t\t<\/section>\n\t\t\t\t<section class=\"elementor-section elementor-top-section elementor-element elementor-element-8db122e elementor-section-height-min-height elementor-section-items-bottom elementor-hidden-mobile elementor-section-boxed elementor-section-height-default\" data-id=\"8db122e\" data-element_type=\"section\" data-settings=\"{&quot;background_background&quot;:&quot;classic&quot;}\">\n\t\t\t\t\t\t<div class=\"elementor-container elementor-column-gap-default\">\n\t\t\t\t\t<div class=\"elementor-column elementor-col-100 elementor-top-column elementor-element elementor-element-32d5ce70\" data-id=\"32d5ce70\" data-element_type=\"column\" data-settings=\"{&quot;background_background&quot;:&quot;classic&quot;}\">\n\t\t\t<div class=\"elementor-widget-wrap elementor-element-populated\">\n\t\t\t\t\t\t\t<\/div>\n\t\t<\/div>\n\t\t\t\t\t<\/div>\n\t\t<\/section>\n\t\t\t\t<section class=\"elementor-section elementor-top-section elementor-element elementor-element-ae997ea elementor-section-height-min-height elementor-section-items-bottom elementor-hidden-desktop elementor-hidden-tablet elementor-section-boxed elementor-section-height-default\" data-id=\"ae997ea\" data-element_type=\"section\" data-settings=\"{&quot;background_background&quot;:&quot;classic&quot;}\">\n\t\t\t\t\t\t<div class=\"elementor-container elementor-column-gap-default\">\n\t\t\t\t\t<div class=\"elementor-column elementor-col-100 elementor-top-column elementor-element elementor-element-812b301\" data-id=\"812b301\" data-element_type=\"column\" data-settings=\"{&quot;background_background&quot;:&quot;classic&quot;}\">\n\t\t\t<div class=\"elementor-widget-wrap elementor-element-populated\">\n\t\t\t\t\t\t\t<\/div>\n\t\t<\/div>\n\t\t\t\t\t<\/div>\n\t\t<\/section>\n\t\t\t\t<section class=\"elementor-section elementor-top-section elementor-element elementor-element-7fa4cc8 elementor-section-boxed elementor-section-height-default elementor-section-height-default\" data-id=\"7fa4cc8\" data-element_type=\"section\">\n\t\t\t\t\t\t<div class=\"elementor-container elementor-column-gap-default\">\n\t\t\t\t\t<div class=\"elementor-column elementor-col-100 elementor-top-column elementor-element elementor-element-661e9a4\" data-id=\"661e9a4\" data-element_type=\"column\">\n\t\t\t<div class=\"elementor-widget-wrap elementor-element-populated\">\n\t\t\t\t\t\t<section class=\"elementor-section elementor-inner-section elementor-element elementor-element-9958c04 elementor-section-boxed elementor-section-height-default elementor-section-height-default\" data-id=\"9958c04\" data-element_type=\"section\">\n\t\t\t\t\t\t<div class=\"elementor-container elementor-column-gap-default\">\n\t\t\t\t\t<div class=\"elementor-column elementor-col-100 elementor-inner-column elementor-element elementor-element-e487d7b\" data-id=\"e487d7b\" data-element_type=\"column\">\n\t\t\t<div class=\"elementor-widget-wrap elementor-element-populated\">\n\t\t\t\t\t\t<div class=\"elementor-element elementor-element-d9d0b4d elementor-widget elementor-widget-text-editor\" data-id=\"d9d0b4d\" data-element_type=\"widget\" data-widget_type=\"text-editor.default\">\n\t\t\t\t<div class=\"elementor-widget-container\">\n\t\t\t\t\t\t\t\t\t<p>Los datos personales que proporcione el Usuario se almacenar\u00e1n en una base de datos especial en computadora, de modo que se pueda usar para acceder a los servicios solicitados.<\/p>\t\t\t\t\t\t\t\t<\/div>\n\t\t\t\t<\/div>\n\t\t\t\t<div class=\"elementor-element elementor-element-465f500 elementor-widget elementor-widget-text-editor\" data-id=\"465f500\" data-element_type=\"widget\" data-widget_type=\"text-editor.default\">\n\t\t\t\t<div class=\"elementor-widget-container\">\n\t\t\t\t\t\t\t\t\t<p><strong>El controlador de los datos es McGee Industries, Inc. 9 Crozerville Road Aston, PA 19014 USA<\/strong><\/p><p>McGee Industries, Inc. en su papel de controlador de datos, le informa que la direcci\u00f3n de correo electr\u00f3nico que se solicit\u00f3 durante el registro y otros datos personales que haya proporcionado se procesar\u00e1n con el consentimiento de la parte interesada, con el fin de proporcionar la informaci\u00f3n solicitada por el Usuario.<\/p><p>De acuerdo con el Art\u00edculo 17 del reglamento # 679\/2016 GDPR, el Usuario tiene derecho a obtener la confirmaci\u00f3n acerca la existencia o no de datos personales que correspondan al Usuario, incluso si no se han registrado, y la comunicaci\u00f3n de lo anteriormente mencionado se debe realizar a trav\u00e9s de un formulario inteligible.<\/p><p><strong>Adem\u00e1s, el Usuario tiene el derecho de obtener informaci\u00f3n sobre:<\/strong><\/p><ul><li>El origen de los datos personales<\/li><li>Los fines y m\u00e9todos usados para procesarlos<\/li><li>Los m\u00e9todos aplicados en caso de tratamiento realizado con ayuda de instrumentos electr\u00f3nicos<\/li><li>Los detalles de identificaci\u00f3n del propietario, de los gerentes y del representante designado en virtud de esto<\/li><li>La persona o las categor\u00edas de personas cuyos datos personales se pueden comunicar o que puedan ser conscientes de ellos como representante designado en el territorio del estado, gerentes o agentes<\/li><\/ul><p><strong>Adem\u00e1s, el Usuario tiene el derecho de obtener:<\/strong><\/p><ul><li>Actualizaci\u00f3n, rectificaci\u00f3n o, cuando est\u00e9 interesado, integraci\u00f3n de datos<\/li><li>La cancelaci\u00f3n, transformaci\u00f3n a forma an\u00f3nima o el bloqueo de los datos procesados ilegalmente, incluso los datos cuya retenci\u00f3n es innecesaria para los fines para los que se recolectaron y procesaron posteriormente. La solicitud de cancelaci\u00f3n de datos se debe enviar a <a href=\"mailto:info@mclube.com\">info@mclube.com<\/a>.<\/li><li>La confirmaci\u00f3n de que las operaciones indicadas anteriormente se han comunicado, con respecto a su contenido, a aquellos que se les han transmitido, excepto en los casos donde dicha realizaci\u00f3n demuestre ser imposible o implique el uso de recursos evidentemente desproporcionados con respecto al derecho protegido.<\/li><\/ul><p><strong>Finalmente, el Usuario tiene el derecho de oponerse, en parte o en su totalidad:<\/strong><\/p><p>Por motivos leg\u00edtimos, al procesamiento de datos personales con respecto a \u00e9l, incluso si corresponden para el fin de la recolecci\u00f3n.<\/p><p><strong>Si tiene consultas o inquietudes con respecto a la privacidad y la protecci\u00f3n de datos, comun\u00edquese en <a href=\"mailto:info@mclube.com\">info@mclube.com<\/a>. <\/strong><\/p>\t\t\t\t\t\t\t\t<\/div>\n\t\t\t\t<\/div>\n\t\t\t\t<div class=\"elementor-element elementor-element-486fc7b elementor-widget elementor-widget-heading\" data-id=\"486fc7b\" data-element_type=\"widget\" data-widget_type=\"heading.default\">\n\t\t\t\t<div class=\"elementor-widget-container\">\n\t\t\t\t\t<h2 class=\"elementor-heading-title elementor-size-default\">Pol\u00edtica de Cookies de McLube.com<\/h2>\t\t\t\t<\/div>\n\t\t\t\t<\/div>\n\t\t\t\t<div class=\"elementor-element elementor-element-9d0e00d elementor-widget elementor-widget-text-editor\" data-id=\"9d0e00d\" data-element_type=\"widget\" data-widget_type=\"text-editor.default\">\n\t\t\t\t<div class=\"elementor-widget-container\">\n\t\t\t\t\t\t\t\t\t<p><script id=\"CookieDeclaration\" src=\"https:\/\/consent.cookiebot.com\/25556fbc-f4c0-4f82-b598-9f3c86e90806\/cd.js\" type=\"text\/javascript\" async><\/script><\/p>\t\t\t\t\t\t\t\t<\/div>\n\t\t\t\t<\/div>\n\t\t\t\t<div class=\"elementor-element elementor-element-85e1d23 elementor-widget-divider--view-line elementor-widget elementor-widget-divider\" data-id=\"85e1d23\" data-element_type=\"widget\" data-widget_type=\"divider.default\">\n\t\t\t\t<div class=\"elementor-widget-container\">\n\t\t\t\t\t\t\t<div class=\"elementor-divider\">\n\t\t\t<span class=\"elementor-divider-separator\">\n\t\t\t\t\t\t<\/span>\n\t\t<\/div>\n\t\t\t\t\t\t<\/div>\n\t\t\t\t<\/div>\n\t\t\t\t\t<\/div>\n\t\t<\/div>\n\t\t\t\t\t<\/div>\n\t\t<\/section>\n\t\t\t\t\t<\/div>\n\t\t<\/div>\n\t\t\t\t\t<\/div>\n\t\t<\/section>\n\t\t\t\t<\/div>\n\t\t","protected":false},"excerpt":{"rendered":"<p>Los datos personales que proporcione el Usuario se almacenar\u00e1n en una base de datos especial en computadora, de modo que se pueda usar para acceder a los servicios solicitados. El controlador de los datos es McGee Industries, Inc. 9 Crozerville Road Aston, PA 19014 USA McGee Industries, Inc. en su papel de controlador de datos, &hellip;<\/p>\n<p class=\"read-more\"> <a class=\"\" href=\"https:\/\/mclube.com\/es\/politica-de-privacidad\/\"> <span class=\"screen-reader-text\">Pol\u00edtica de privacidad<\/span> Leer m\u00e1s &raquo;<\/a><\/p>\n","protected":false},"author":5,"featured_media":0,"parent":0,"menu_order":0,"comment_status":"closed","ping_status":"closed","template":"elementor_header_footer","meta":{"footnotes":""},"class_list":["post-3510","page","type-page","status-publish","hentry"],"yoast_head":"<!-- This site is optimized with the Yoast SEO plugin v27.2 - https:\/\/yoast.com\/product\/yoast-seo-wordpress\/ -->\n<title>Pol\u00edtica de privacidad | McLube<\/title>\n<meta name=\"description\" content=\"Pol\u00edtica de privacidad\" \/>\n<meta name=\"robots\" content=\"index, follow, max-snippet:-1, max-image-preview:large, max-video-preview:-1\" \/>\n<link rel=\"canonical\" href=\"https:\/\/mclube.com\/es\/politica-de-privacidad\/\" \/>\n<meta property=\"og:locale\" content=\"es_ES\" \/>\n<meta property=\"og:type\" content=\"article\" \/>\n<meta property=\"og:title\" content=\"Pol\u00edtica de privacidad | McLube\" \/>\n<meta property=\"og:description\" content=\"Pol\u00edtica de privacidad\" \/>\n<meta property=\"og:url\" content=\"https:\/\/mclube.com\/es\/politica-de-privacidad\/\" \/>\n<meta property=\"og:site_name\" content=\"McLube\u00ae | Agentes Desmoldeantes y Lubricantes Industriales\" \/>\n<meta property=\"article:modified_time\" content=\"2024-03-20T18:52:06+00:00\" \/>\n<meta name=\"twitter:card\" content=\"summary_large_image\" \/>\n<meta name=\"twitter:label1\" content=\"Tiempo de lectura\" \/>\n\t<meta name=\"twitter:data1\" content=\"6 minutos\" \/>\n<script type=\"application\/ld+json\" class=\"yoast-schema-graph\">{\"@context\":\"https:\/\/schema.org\",\"@graph\":[{\"@type\":\"WebPage\",\"@id\":\"https:\/\/mclube.com\/es\/politica-de-privacidad\/\",\"url\":\"https:\/\/mclube.com\/es\/politica-de-privacidad\/\",\"name\":\"Pol\u00edtica de privacidad | McLube\",\"isPartOf\":{\"@id\":\"https:\/\/mclube.com\/es\/#website\"},\"datePublished\":\"2024-02-23T18:13:51+00:00\",\"dateModified\":\"2024-03-20T18:52:06+00:00\",\"description\":\"Pol\u00edtica de privacidad\",\"breadcrumb\":{\"@id\":\"https:\/\/mclube.com\/es\/politica-de-privacidad\/#breadcrumb\"},\"inLanguage\":\"es\",\"potentialAction\":[{\"@type\":\"ReadAction\",\"target\":[\"https:\/\/mclube.com\/es\/politica-de-privacidad\/\"]}]},{\"@type\":\"BreadcrumbList\",\"@id\":\"https:\/\/mclube.com\/es\/politica-de-privacidad\/#breadcrumb\",\"itemListElement\":[{\"@type\":\"ListItem\",\"position\":1,\"name\":\"P\u00e1gina Inicial\",\"item\":\"https:\/\/mclube.com\/es\/\"},{\"@type\":\"ListItem\",\"position\":2,\"name\":\"Pol\u00edtica de privacidad\"}]},{\"@type\":\"WebSite\",\"@id\":\"https:\/\/mclube.com\/es\/#website\",\"url\":\"https:\/\/mclube.com\/es\/\",\"name\":\"McLube\u00ae | Agentes Desmoldeantes y Lubricantes Industriales\",\"description\":\"Agentes Desmoldeantes, Antiadherentes y Lubricantes Industriales\",\"publisher\":{\"@id\":\"https:\/\/mclube.com\/es\/#organization\"},\"potentialAction\":[{\"@type\":\"SearchAction\",\"target\":{\"@type\":\"EntryPoint\",\"urlTemplate\":\"https:\/\/mclube.com\/es\/?s={search_term_string}\"},\"query-input\":{\"@type\":\"PropertyValueSpecification\",\"valueRequired\":true,\"valueName\":\"search_term_string\"}}],\"inLanguage\":\"es\"},{\"@type\":\"Organization\",\"@id\":\"https:\/\/mclube.com\/es\/#organization\",\"name\":\"McLube\u00ae | Agentes Desmoldeantes y Lubricantes Industriales\",\"url\":\"https:\/\/mclube.com\/es\/\",\"logo\":{\"@type\":\"ImageObject\",\"inLanguage\":\"es\",\"@id\":\"https:\/\/mclube.com\/es\/#\/schema\/logo\/image\/\",\"url\":\"https:\/\/mclube.com\/es\/wp-content\/uploads\/sites\/9\/2020\/02\/Logo_McLube.png\",\"contentUrl\":\"https:\/\/mclube.com\/es\/wp-content\/uploads\/sites\/9\/2020\/02\/Logo_McLube.png\",\"width\":844,\"height\":198,\"caption\":\"McLube\u00ae | Agentes Desmoldeantes y Lubricantes Industriales\"},\"image\":{\"@id\":\"https:\/\/mclube.com\/es\/#\/schema\/logo\/image\/\"}}]}<\/script>\n<!-- \/ Yoast SEO plugin. -->","yoast_head_json":{"title":"Pol\u00edtica de privacidad | McLube","description":"Pol\u00edtica de privacidad","robots":{"index":"index","follow":"follow","max-snippet":"max-snippet:-1","max-image-preview":"max-image-preview:large","max-video-preview":"max-video-preview:-1"},"canonical":"https:\/\/mclube.com\/es\/politica-de-privacidad\/","og_locale":"es_ES","og_type":"article","og_title":"Pol\u00edtica de privacidad | McLube","og_description":"Pol\u00edtica de privacidad","og_url":"https:\/\/mclube.com\/es\/politica-de-privacidad\/","og_site_name":"McLube\u00ae | Agentes Desmoldeantes y Lubricantes Industriales","article_modified_time":"2024-03-20T18:52:06+00:00","twitter_card":"summary_large_image","twitter_misc":{"Tiempo de lectura":"6 minutos"},"schema":{"@context":"https:\/\/schema.org","@graph":[{"@type":"WebPage","@id":"https:\/\/mclube.com\/es\/politica-de-privacidad\/","url":"https:\/\/mclube.com\/es\/politica-de-privacidad\/","name":"Pol\u00edtica de privacidad | McLube","isPartOf":{"@id":"https:\/\/mclube.com\/es\/#website"},"datePublished":"2024-02-23T18:13:51+00:00","dateModified":"2024-03-20T18:52:06+00:00","description":"Pol\u00edtica de privacidad","breadcrumb":{"@id":"https:\/\/mclube.com\/es\/politica-de-privacidad\/#breadcrumb"},"inLanguage":"es","potentialAction":[{"@type":"ReadAction","target":["https:\/\/mclube.com\/es\/politica-de-privacidad\/"]}]},{"@type":"BreadcrumbList","@id":"https:\/\/mclube.com\/es\/politica-de-privacidad\/#breadcrumb","itemListElement":[{"@type":"ListItem","position":1,"name":"P\u00e1gina Inicial","item":"https:\/\/mclube.com\/es\/"},{"@type":"ListItem","position":2,"name":"Pol\u00edtica de privacidad"}]},{"@type":"WebSite","@id":"https:\/\/mclube.com\/es\/#website","url":"https:\/\/mclube.com\/es\/","name":"McLube\u00ae | Agentes Desmoldeantes y Lubricantes Industriales","description":"Agentes Desmoldeantes, Antiadherentes y Lubricantes Industriales","publisher":{"@id":"https:\/\/mclube.com\/es\/#organization"},"potentialAction":[{"@type":"SearchAction","target":{"@type":"EntryPoint","urlTemplate":"https:\/\/mclube.com\/es\/?s={search_term_string}"},"query-input":{"@type":"PropertyValueSpecification","valueRequired":true,"valueName":"search_term_string"}}],"inLanguage":"es"},{"@type":"Organization","@id":"https:\/\/mclube.com\/es\/#organization","name":"McLube\u00ae | Agentes Desmoldeantes y Lubricantes Industriales","url":"https:\/\/mclube.com\/es\/","logo":{"@type":"ImageObject","inLanguage":"es","@id":"https:\/\/mclube.com\/es\/#\/schema\/logo\/image\/","url":"https:\/\/mclube.com\/es\/wp-content\/uploads\/sites\/9\/2020\/02\/Logo_McLube.png","contentUrl":"https:\/\/mclube.com\/es\/wp-content\/uploads\/sites\/9\/2020\/02\/Logo_McLube.png","width":844,"height":198,"caption":"McLube\u00ae | Agentes Desmoldeantes y Lubricantes Industriales"},"image":{"@id":"https:\/\/mclube.com\/es\/#\/schema\/logo\/image\/"}}]}},"_links":{"self":[{"href":"https:\/\/mclube.com\/es\/wp-json\/wp\/v2\/pages\/3510","targetHints":{"allow":["GET"]}}],"collection":[{"href":"https:\/\/mclube.com\/es\/wp-json\/wp\/v2\/pages"}],"about":[{"href":"https:\/\/mclube.com\/es\/wp-json\/wp\/v2\/types\/page"}],"author":[{"embeddable":true,"href":"https:\/\/mclube.com\/es\/wp-json\/wp\/v2\/users\/5"}],"replies":[{"embeddable":true,"href":"https:\/\/mclube.com\/es\/wp-json\/wp\/v2\/comments?post=3510"}],"version-history":[{"count":23,"href":"https:\/\/mclube.com\/es\/wp-json\/wp\/v2\/pages\/3510\/revisions"}],"predecessor-version":[{"id":4041,"href":"https:\/\/mclube.com\/es\/wp-json\/wp\/v2\/pages\/3510\/revisions\/4041"}],"wp:attachment":[{"href":"https:\/\/mclube.com\/es\/wp-json\/wp\/v2\/media?parent=3510"}],"curies":[{"name":"wp","href":"https:\/\/api.w.org\/{rel}","templated":true}]}}